{"id":50,"date":"2012-12-26T22:51:26","date_gmt":"2012-12-26T21:51:26","guid":{"rendered":"http:\/\/beta.oo.ljubljana.sviz.si\/?page_id=50"},"modified":"2020-09-01T08:35:49","modified_gmt":"2020-09-01T07:35:49","slug":"predpisi-s-podrocja-vzgoje-izobrazevanja-znanosti-in-kulture","status":"publish","type":"page","link":"https:\/\/www.oo.ljubljana.sviz.si\/?page_id=50","title":{"rendered":"Predpisi s podro\u010dja vzgoje, izobra\u017eevanja, znanosti in kulture"},"content":{"rendered":"<p>Predpise s podro\u010dja vzgoje, izobra\u017eevanja, znanosti in kulture najdete na <a href=\"https:\/\/www.sviz.si\/\"><strong>tej povezavi<\/strong><\/a> pod zavihkom OBJAVE in njegovimi podzavihki.<\/p>\n","protected":false},"excerpt":{"rendered":"<p>Predpise s podro\u010dja vzgoje, izobra\u017eevanja, znanosti in kulture najdete na tej povezavi pod zavihkom OBJAVE in njegovimi podzavihki.<\/p>\n","protected":false},"author":2,"featured_media":0,"parent":13,"menu_order":1,"comment_status":"closed","ping_status":"closed","template":"","meta":{"footnotes":""},"class_list":["post-50","page","type-page","status-publish","hentry","nodate","item-wrap"],"aioseo_notices":[],"_links":{"self":[{"href":"https:\/\/www.oo.ljubljana.sviz.si\/index.php?rest_route=\/wp\/v2\/pages\/50","targetHints":{"allow":["GET"]}}],"collection":[{"href":"https:\/\/www.oo.ljubljana.sviz.si\/index.php?rest_route=\/wp\/v2\/pages"}],"about":[{"href":"https:\/\/www.oo.ljubljana.sviz.si\/index.php?rest_route=\/wp\/v2\/types\/page"}],"author":[{"embeddable":true,"href":"https:\/\/www.oo.ljubljana.sviz.si\/index.php?rest_route=\/wp\/v2\/users\/2"}],"replies":[{"embeddable":true,"href":"https:\/\/www.oo.ljubljana.sviz.si\/index.php?rest_route=%2Fwp%2Fv2%2Fcomments&post=50"}],"version-history":[{"count":6,"href":"https:\/\/www.oo.ljubljana.sviz.si\/index.php?rest_route=\/wp\/v2\/pages\/50\/revisions"}],"predecessor-version":[{"id":1871,"href":"https:\/\/www.oo.ljubljana.sviz.si\/index.php?rest_route=\/wp\/v2\/pages\/50\/revisions\/1871"}],"up":[{"embeddable":true,"href":"https:\/\/www.oo.ljubljana.sviz.si\/index.php?rest_route=\/wp\/v2\/pages\/13"}],"wp:attachment":[{"href":"https:\/\/www.oo.ljubljana.sviz.si\/index.php?rest_route=%2Fwp%2Fv2%2Fmedia&parent=50"}],"curies":[{"name":"wp","href":"https:\/\/api.w.org\/{rel}","templated":true}]}}