{"id":38,"date":"2012-12-26T22:42:22","date_gmt":"2012-12-26T21:42:22","guid":{"rendered":"http:\/\/beta.oo.ljubljana.sviz.si\/?page_id=38"},"modified":"2025-11-21T14:13:08","modified_gmt":"2025-11-21T13:13:08","slug":"subvencije","status":"publish","type":"page","link":"https:\/\/www.oo.ljubljana.sviz.si\/?page_id=38","title":{"rendered":"Subvencije in \u0161tipendije"},"content":{"rendered":"<h2 class=\"post-title entry-title\"><span style=\"color: #000000;\">SUBVENCIJE ZA PRIDOBITEV USTREZNE IZOBRAZBE (SVIZ Slovenije)<\/span><\/h2>\n<p><span style=\"color: #000000;\">Vse potrebne podrobnosti so objavljene na spletni strani<\/span> <a href=\"http:\/\/www.sviz.si\">www.sviz.si<\/a><span style=\"color: #000000;\">,<\/span> <span style=\"color: #000000;\">\u010de pa bi o omenjenih razpisih potrebovali \u0161e kak\u0161no informacijo, se lahko obrnete na mag. Nino \u0160tangl (e-po\u0161ta:<\/span> <a href=\"mailto:nina.stangl@sviz.si?subject=Stipendije%20in%20subvencije%202017\">nina.stangl@sviz.si<\/a><span style=\"color: #000000;\">, telefon: 01 244 09 06).<\/span><\/p>\n<p>\u00a0<\/p>\n<h2 class=\"post-title entry-title\"><span style=\"color: #000000;\">SUBVENCIJE ZA PRIDOBITEV USTREZNE IZOBRAZBE (OO Ljubljane in okolice)<\/span><\/h2>\n<p><span style=\"color: #000000;\">OO Ljubljane in okolice je v svojem finan\u010dnem na\u010drtu za leto\u0161nje leto predvideval nepovratna sredstva za \u010dlanice in \u010dlane, ki bi \u017eeleli pridobiti ustrezno izobrazbo, in sicer za kandidate, ki so bili zavrnjeni na SVIZ Slovenije. V tem primeru je potrebno poslati vlogo\/dokumentacijo na OO, da jo bo lahko predsedstvo OO pregledalo ter dolo\u010dilo morebitne prejemnike subvencij.<\/span><\/p>\n<p><span style=\"color: #000000;\">Prosilci, katerih vloga je bila zavrnjena na SVIZ Slovenije, lahko kandidirate \u0161e na OO.<\/span><\/p>\n<p><span style=\"color: #000000;\">Rok za oddajo vloge na OO: rok bo znan po kon\u010danem razpisu na ravni SVIZ Slovenije.<\/span><\/p>\n<p>\u00a0<\/p>\n<h2 class=\"post-title entry-title\"><span style=\"color: #000000;\">\u0160TIPENDIJE ZA OTROKE \u010cLANIC IN \u010cLANOV OO Ljubljane in okolice<\/span><\/h2>\n<p><span style=\"color: #000000;\">Predsedstvo OO je sprejelo sklep, da se tudi na OO Ljubljane in okolice podeli \u0161tipendije za otroke \u010dlanic in \u010dlanov z na\u0161ega OO. Mo\u017enost kandidiranja imajo vsi, ki so kandidirali za \u0161tipendijo SVIZ Slovenije, a so bile njihove vloge zavrnjene. V tem primeru je potrebno poslati vlogo na OO, da jo bo lahko imenovana komisija pregledala ter dolo\u010dila morebitne prejemnike \u0161tipendij.<\/span><\/p>\n<p><a href=\"https:\/\/www.oo.ljubljana.sviz.si\/wpfolder\/wp-content\/uploads\/2022\/12\/Pravilnik-o-stipendijah-OO-Ljubljana.pdf\">PRAVILNIK O \u0160TIPENDIRANJU na OO Ljubljane in okolice<\/a><\/p>\n<p><span style=\"color: #000000;\">Prosilci, katerih vloga ni bila odobrena na SVIZ Slovenije, lahko kandidirate tudi na OO.<\/span><\/p>\n<p><span style=\"color: #000000;\">V leto\u0161njem letu (2024\/25) sta predvideni dve \u0161tipendiji za srednje\u0161olce in dve za \u0161tudente.<\/span><\/p>\n<p><span style=\"color: #000000;\">Rok za oddajo vloge OO je:<\/span> <span style=\"color: #ff0000;\"><strong>6. december 2025<\/strong><\/span> <span style=\"color: #000000;\">(vlogo po\u0161ljete po navadni po\u0161ti: SVIZ Obmo\u010dni odbor Ljubljane in okolice, Boben\u010dkova 14, 1000 Ljubljana ali elektronski po\u0161ti: <a href=\"mailto:oo.ljubljana@sviz.si\">oo.ljubljana@sviz.si<\/a>)<\/span><\/p>\n<p><span style=\"color: #000000;\">Tri\u010dlanska komisija v sestavi: Viktor Klampfer, Tomislav Lastri\u010d, Magdalena Mustar Pe\u010djak<\/span><\/p>\n<p>\u00a0<\/p>\n<p>ZA DODATNE INFORMACIJE POKLI\u010cITE TAJNI\u0160TVO OO SVIZ Ljubljane in okolice: 01\/256-34-97<\/p>\n\n\n<p><\/p>\n","protected":false},"excerpt":{"rendered":"<p>SUBVENCIJE ZA PRIDOBITEV USTREZNE IZOBRAZBE (SVIZ Slovenije) Vse potrebne podrobnosti so objavljene na spletni strani www.sviz.si, \u010de pa bi o omenjenih razpisih potrebovali \u0161e kak\u0161no informacijo, se lahko obrnete na mag. Nino \u0160tangl (e-po\u0161ta: nina.stangl@sviz.si, telefon: 01 244 09 06). \u00a0 SUBVENCIJE ZA PRIDOBITEV USTREZNE IZOBRAZBE (OO Ljubljane in okolice) OO Ljubljane in okolice je &hellip; <\/p>\n<p><a class=\"more-link btn\" href=\"https:\/\/www.oo.ljubljana.sviz.si\/?page_id=38\">Continue reading<\/a><\/p>\n","protected":false},"author":2,"featured_media":0,"parent":6,"menu_order":3,"comment_status":"closed","ping_status":"closed","template":"","meta":{"footnotes":""},"class_list":["post-38","page","type-page","status-publish","hentry","nodate","item-wrap"],"aioseo_notices":[],"_links":{"self":[{"href":"https:\/\/www.oo.ljubljana.sviz.si\/index.php?rest_route=\/wp\/v2\/pages\/38","targetHints":{"allow":["GET"]}}],"collection":[{"href":"https:\/\/www.oo.ljubljana.sviz.si\/index.php?rest_route=\/wp\/v2\/pages"}],"about":[{"href":"https:\/\/www.oo.ljubljana.sviz.si\/index.php?rest_route=\/wp\/v2\/types\/page"}],"author":[{"embeddable":true,"href":"https:\/\/www.oo.ljubljana.sviz.si\/index.php?rest_route=\/wp\/v2\/users\/2"}],"replies":[{"embeddable":true,"href":"https:\/\/www.oo.ljubljana.sviz.si\/index.php?rest_route=%2Fwp%2Fv2%2Fcomments&post=38"}],"version-history":[{"count":26,"href":"https:\/\/www.oo.ljubljana.sviz.si\/index.php?rest_route=\/wp\/v2\/pages\/38\/revisions"}],"predecessor-version":[{"id":2295,"href":"https:\/\/www.oo.ljubljana.sviz.si\/index.php?rest_route=\/wp\/v2\/pages\/38\/revisions\/2295"}],"up":[{"embeddable":true,"href":"https:\/\/www.oo.ljubljana.sviz.si\/index.php?rest_route=\/wp\/v2\/pages\/6"}],"wp:attachment":[{"href":"https:\/\/www.oo.ljubljana.sviz.si\/index.php?rest_route=%2Fwp%2Fv2%2Fmedia&parent=38"}],"curies":[{"name":"wp","href":"https:\/\/api.w.org\/{rel}","templated":true}]}}