{"id":37,"date":"2012-12-26T22:41:52","date_gmt":"2012-12-26T21:41:52","guid":{"rendered":"http:\/\/beta.oo.ljubljana.sviz.si\/?page_id=37"},"modified":"2017-10-25T08:11:00","modified_gmt":"2017-10-25T07:11:00","slug":"pocitniska-stanovanja","status":"publish","type":"page","link":"https:\/\/www.oo.ljubljana.sviz.si\/?page_id=37","title":{"rendered":"Po\u010ditni\u0161ka stanovanja"},"content":{"rendered":"<h3><b><br \/>\n<\/b>Za vse informacija v zvezi z letovanjem:<\/h3>\n<ul>\n<li>v<b> \u010cASU RAZPISANIH TERMINOV <span style=\"text-decoration: underline;\">MED<\/span> \u0160OLSKIMI PO\u010cITNICAMI <\/b>se obra\u010dajte na Obmo\u010dni odbor Ljubljane in okolice: <span style=\"text-decoration: underline;\">Marjana Mo\u017eina<\/span>, tel.: <b>01\/256-34-97<\/b> (od ponedeljka do petka med 8. in 15. uro),<\/li>\n<\/ul>\n<ul>\n<li>za <b>KORI\u0160\u010cENJE VIKENDOV <span style=\"text-decoration: underline;\">IZVEN<\/span> \u010cASA \u0160OLSKIH PO\u010cITNIC<\/b> na spletni strani <a href=\"http:\/\/www.odpocij.si\/\" target=\"_blank\" rel=\"noopener\">www.odpocij.si<\/a> oziroma pri upravitelju po\u010ditni\u0161kih stanovanj v lasti SVIZ Slovenije: <span style=\"text-decoration: underline;\">Peter Peni\u010d<\/span>, tel.: <b>01\/244-09-15<\/b> (od ponedeljka do petka med 9. in 11. uro ter med 13. in 15. uro ali preko e-po\u0161te <a href=\"mailto:peter.penic@sviz.si\">peter.penic@sviz.si<\/a> &#8211; rezervacije preko e-po\u0161te NISO MO\u017dNE!).<\/li>\n<\/ul>\n<p><b>\u00a0<\/b><\/p>\n<h3>Po\u010ditni\u0161ka dejavnost in rezervacija stanovanj SVIZ Slovenije &#8211; <a href=\"http:\/\/www.odpocij.si\/\" target=\"_blank\" rel=\"noopener\"><b>odpocij.si<\/b><\/a><\/h3>\n<p>&nbsp;<\/p>\n<h3>Stanovanja SVIZ Slovenije:<\/h3>\n<ul>\n<li><b><a href=\"http:\/\/www.odpocij.si\/\">stanovanja<\/a><\/b> (na spletni strani <a href=\"http:\/\/www.odpocij.si\/\">odpocij.si<\/a> izberete DESTINACIJE in \u017eeleno stanovanje)<\/li>\n<\/ul>\n<ul>\n<li><a href=\"http:\/\/www.odpocij.si\/zasedenost.php\"><b>pregled zasedenosti po\u010ditni\u0161kih stanovanj<\/b><\/a><\/li>\n<\/ul>\n<p>&nbsp;<\/p>\n<h3>Priporo\u010damo, da si pred najemom stanovanj preberete:<\/h3>\n<ul>\n<li><a href=\"http:\/\/odpocij.si\/pravilnik.php\"><b>Pravilnik o najemu, vzdr\u017eevanju in najemnini po\u010ditni\u0161kih stanovanj v lasti SVIZ Slovenije<\/b><\/a><\/li>\n<li><a href=\"http:\/\/odpocij.si\/dobro_je_vedeti.php\"><strong>Dobro je vedeti<\/strong><\/a><\/li>\n<\/ul>\n<p>&nbsp;<\/p>\n","protected":false},"excerpt":{"rendered":"<p>Za vse informacija v zvezi z letovanjem: v \u010cASU RAZPISANIH TERMINOV MED \u0160OLSKIMI PO\u010cITNICAMI se obra\u010dajte na Obmo\u010dni odbor Ljubljane in okolice: Marjana Mo\u017eina, tel.: 01\/256-34-97 (od ponedeljka do petka med 8. in 15. uro), za KORI\u0160\u010cENJE VIKENDOV IZVEN \u010cASA \u0160OLSKIH PO\u010cITNIC na spletni strani www.odpocij.si oziroma pri upravitelju po\u010ditni\u0161kih stanovanj v lasti SVIZ Slovenije: &hellip; <\/p>\n<p><a class=\"more-link btn\" href=\"https:\/\/www.oo.ljubljana.sviz.si\/?page_id=37\">Continue reading<\/a><\/p>\n","protected":false},"author":2,"featured_media":0,"parent":6,"menu_order":2,"comment_status":"closed","ping_status":"closed","template":"","meta":{"footnotes":""},"class_list":["post-37","page","type-page","status-publish","hentry","nodate","item-wrap"],"aioseo_notices":[],"_links":{"self":[{"href":"https:\/\/www.oo.ljubljana.sviz.si\/index.php?rest_route=\/wp\/v2\/pages\/37","targetHints":{"allow":["GET"]}}],"collection":[{"href":"https:\/\/www.oo.ljubljana.sviz.si\/index.php?rest_route=\/wp\/v2\/pages"}],"about":[{"href":"https:\/\/www.oo.ljubljana.sviz.si\/index.php?rest_route=\/wp\/v2\/types\/page"}],"author":[{"embeddable":true,"href":"https:\/\/www.oo.ljubljana.sviz.si\/index.php?rest_route=\/wp\/v2\/users\/2"}],"replies":[{"embeddable":true,"href":"https:\/\/www.oo.ljubljana.sviz.si\/index.php?rest_route=%2Fwp%2Fv2%2Fcomments&post=37"}],"version-history":[{"count":19,"href":"https:\/\/www.oo.ljubljana.sviz.si\/index.php?rest_route=\/wp\/v2\/pages\/37\/revisions"}],"predecessor-version":[{"id":1428,"href":"https:\/\/www.oo.ljubljana.sviz.si\/index.php?rest_route=\/wp\/v2\/pages\/37\/revisions\/1428"}],"up":[{"embeddable":true,"href":"https:\/\/www.oo.ljubljana.sviz.si\/index.php?rest_route=\/wp\/v2\/pages\/6"}],"wp:attachment":[{"href":"https:\/\/www.oo.ljubljana.sviz.si\/index.php?rest_route=%2Fwp%2Fv2%2Fmedia&parent=37"}],"curies":[{"name":"wp","href":"https:\/\/api.w.org\/{rel}","templated":true}]}}