{"id":34,"date":"2012-12-26T22:40:25","date_gmt":"2012-12-26T21:40:25","guid":{"rendered":"http:\/\/beta.oo.ljubljana.sviz.si\/?page_id=34"},"modified":"2023-08-16T12:31:48","modified_gmt":"2023-08-16T11:31:48","slug":"financna-oz-solidarnostna-pomoc","status":"publish","type":"page","link":"https:\/\/www.oo.ljubljana.sviz.si\/?page_id=34","title":{"rendered":"Finan\u010dna oz. solidarnostna pomo\u010d"},"content":{"rendered":"<ul>\n<li><a href=\"https:\/\/www.oo.ljubljana.sviz.si\/wpfolder\/wp-content\/uploads\/2023\/08\/obrazec-FP-OO-jan2023.doc\">Vloga za dodelitev solidarnostne oz. finan\u010dne pomo\u010di \u010dlanu sindikata<\/a><\/li>\n<\/ul>\n<hr \/>\n<ul>\n<li><a href=\"https:\/\/www.oo.ljubljana.sviz.si\/wpfolder\/wp-content\/uploads\/2022\/03\/pravilnik_solidarnostne_financne_pomoci_marec2022.pdf\">Pravilnik o solidarnostnih in finan\u010dnih pomo\u010deh<\/a> (22. 3. 2022)<\/li>\n<\/ul>\n","protected":false},"excerpt":{"rendered":"<p>Vloga za dodelitev solidarnostne oz. finan\u010dne pomo\u010di \u010dlanu sindikata Pravilnik o solidarnostnih in finan\u010dnih pomo\u010deh (22. 3. 2022)<\/p>\n","protected":false},"author":2,"featured_media":0,"parent":6,"menu_order":0,"comment_status":"closed","ping_status":"closed","template":"","meta":{"footnotes":""},"class_list":["post-34","page","type-page","status-publish","hentry","nodate","item-wrap"],"aioseo_notices":[],"_links":{"self":[{"href":"https:\/\/www.oo.ljubljana.sviz.si\/index.php?rest_route=\/wp\/v2\/pages\/34","targetHints":{"allow":["GET"]}}],"collection":[{"href":"https:\/\/www.oo.ljubljana.sviz.si\/index.php?rest_route=\/wp\/v2\/pages"}],"about":[{"href":"https:\/\/www.oo.ljubljana.sviz.si\/index.php?rest_route=\/wp\/v2\/types\/page"}],"author":[{"embeddable":true,"href":"https:\/\/www.oo.ljubljana.sviz.si\/index.php?rest_route=\/wp\/v2\/users\/2"}],"replies":[{"embeddable":true,"href":"https:\/\/www.oo.ljubljana.sviz.si\/index.php?rest_route=%2Fwp%2Fv2%2Fcomments&post=34"}],"version-history":[{"count":23,"href":"https:\/\/www.oo.ljubljana.sviz.si\/index.php?rest_route=\/wp\/v2\/pages\/34\/revisions"}],"predecessor-version":[{"id":2113,"href":"https:\/\/www.oo.ljubljana.sviz.si\/index.php?rest_route=\/wp\/v2\/pages\/34\/revisions\/2113"}],"up":[{"embeddable":true,"href":"https:\/\/www.oo.ljubljana.sviz.si\/index.php?rest_route=\/wp\/v2\/pages\/6"}],"wp:attachment":[{"href":"https:\/\/www.oo.ljubljana.sviz.si\/index.php?rest_route=%2Fwp%2Fv2%2Fmedia&parent=34"}],"curies":[{"name":"wp","href":"https:\/\/api.w.org\/{rel}","templated":true}]}}