{"id":30,"date":"2012-12-26T22:37:29","date_gmt":"2012-12-26T21:37:29","guid":{"rendered":"http:\/\/beta.oo.ljubljana.sviz.si\/?page_id=30"},"modified":"2025-09-01T13:28:29","modified_gmt":"2025-09-01T12:28:29","slug":"organiziranost","status":"publish","type":"page","link":"https:\/\/www.oo.ljubljana.sviz.si\/?page_id=30","title":{"rendered":"Organiziranost"},"content":{"rendered":"<p><span style=\"color: #339966;\"><b><span style=\"text-decoration: underline;\">ZBOR OBMO\u010cNEGA ODBORA<\/span>:<\/b><\/span><\/p>\n<p style=\"padding-left: 30px;\">(Sestavljajo ga vsi sindikalni zaupniki zavodov)<\/p>\n<p><span style=\"color: #339966;\"><strong><span style=\"text-decoration: underline;\">PREDSEDNIK OO (od 1. julija 2022 dalje)<\/span><span style=\"text-decoration: underline;\">:<\/span><\/strong><\/span><\/p>\n<p>Viktor KLAMPFER &#8211; GIMNAZIJA BE\u017dIGRAD, Ljubljana<\/p>\n<p><span style=\"color: #339966;\"><strong>PODPREDSEDNIK OO (od 1. avgusta 2022 dalje):<\/strong><\/span><\/p>\n<p>Sa\u0161o IVETI\u010c, O\u0160 LJUBO \u0160ERCER, Ko\u010devje<\/p>\n<p><span style=\"color: #339966;\"><b>SEKRETARKA OO (od 1. septembra 2018 dalje):<\/b><\/span><\/p>\n<p>Magdalena MUSTAR PE\u010cJAK<\/p>\n<p><span style=\"color: #339966;\"><b>PREDSEDSTVO OO:<\/b><\/span><\/p>\n<table border=\"0\" width=\"804\" cellpadding=\"0\">\n<tbody>\n<tr>\n<td width=\"21\">1.<\/td>\n<td width=\"680\">Mladen BUCI\u0106<\/td>\n<td width=\"2550\">KONSERVATORIJ ZA GLASBO IN BALET Ljubljana<\/td>\n<\/tr>\n<tr>\n<td width=\"21\">2.<\/td>\n<td width=\"136\">Inge IVARTNIK<\/td>\n<td width=\"238\">O\u0160 JURIJA VEGE, Morav\u010de<\/td>\n<\/tr>\n<tr>\n<td width=\"21\">3.<\/td>\n<td width=\"136\">Sa\u0161o IVETI\u010c<\/td>\n<td width=\"238\">O\u0160 LJUBO \u0160ERCER, Ko\u010devje; podpredsednik SVIZ OO Ljubljane in okolice<\/td>\n<\/tr>\n<tr>\n<td width=\"21\">4.<\/td>\n<td width=\"136\">Viktor KLAMPFER<\/td>\n<td width=\"238\">GIMNAZIJA BE\u017dIGRAD, Ljubljana; predsednik SVIZ OO Ljubljane in okolice<\/td>\n<\/tr>\n<tr>\n<td width=\"21\">5.<\/td>\n<td width=\"136\">Petra KORITNIK<\/td>\n<td width=\"238\">VRTEC JAR\u0160E, Ljubljana<\/td>\n<\/tr>\n<tr>\n<td width=\"21\">6.<\/td>\n<td width=\"136\">Gregor KOVA\u010cI\u010c<\/td>\n<td width=\"238\">O\u0160 \u0160KOFLJICA<\/td>\n<\/tr>\n<tr>\n<td width=\"21\">7.<\/td>\n<td width=\"136\">Tomislav LASTRI\u010c<\/td>\n<td width=\"238\">O\u0160 dr. VITA KRAIGHERJA, Ljubljana<\/td>\n<\/tr>\n<tr>\n<td width=\"21\">8.<\/td>\n<td width=\"136\">Marina LUK\u0160I\u010c HACIN<\/td>\n<td width=\"238\">ZRC SAZU, Ljubljana<\/td>\n<\/tr>\n<tr>\n<td width=\"21\">9.<\/td>\n<td width=\"136\">Magdalena MUSTAR PE\u010cJAK<\/td>\n<td width=\"238\">sekretarka SVIZ OO Ljubljane in okolice<\/td>\n<\/tr>\n<tr>\n<td width=\"21\">10.<\/td>\n<td width=\"136\">Matja\u017e \u0160PAROVEC<\/td>\n<td width=\"238\">ZGODOVINSKI ARHIV, Ljubljana<\/td>\n<\/tr>\n<tr>\n<td width=\"21\">11.<\/td>\n<td width=\"136\">Marjan \u0160TUKELJ<\/td>\n<td width=\"238\">STROKOVNI CENTER MLADINSKI DOM MAL\u010cI BELI\u010cEVE, Ljubljana<\/td>\n<\/tr>\n<\/tbody>\n<\/table>\n<p><span style=\"color: #339966;\"><b>SINDIKALNE KONFERENCE OO<\/b><\/span><\/p>\n<ul>\n<li><b>SK OO osnovnih in glasbenih \u0161ol ter zavodov za izobra\u017eevanje odraslih<\/b><\/li>\n<\/ul>\n<p>Predsednica: Inge IVARTNIK, O\u0160 JURIJA VEGE, Morav\u010de<\/p>\n<ul>\n<li><b>SK OO srednjih, vi\u0161jih \u0161ol in dija\u0161kih domov<\/b><\/li>\n<\/ul>\n<p>Predsednik: Viktor KLAMPFER, GIMNAZIJA BE\u017dIGRAD, Ljubljana<\/p>\n<ul>\n<li><b>SK OO osnovnih \u0161ol in zavodov za otroke in mladostnike s posebnimi potrebami<\/b><\/li>\n<\/ul>\n<p>Predsednik: Marjan \u0160TUKELJ, MLADINSKI DOM MAL\u010cI BELI\u010cEVE, Ljubljana<\/p>\n<ul>\n<li><b>SK OO pred\u0161olske vzgoje<\/b><\/li>\n<\/ul>\n<p>Predsednica: Petra KORITNIK, VRTEC JAR\u0160E, Ljubljana<\/p>\n<ul>\n<li><b>SK OO zavodov visokega \u0161olstva in znanosti<br \/>\n<\/b><\/li>\n<\/ul>\n<p>Predsednica: Marina LUK\u0160I\u010c HACIN, ZRC SAZU, Ljubljana<\/p>\n<ul>\n<li><b>SK OO kulturnih organizacij<br \/>\n<\/b><\/li>\n<\/ul>\n<p>Predsednik: Matja\u017e \u0160PAROVEC, ZGODOVINSKI ARHIV, Ljubljana<\/p>\n<p><span style=\"color: #339966;\"><b>NADZORNI ODBOR OO:<\/b><\/span><\/p>\n<table border=\"0\" cellpadding=\"0\">\n<tbody>\n<tr>\n<td>1.<\/td>\n<td>Ur\u0161ka \u010cOROLI<\/td>\n<td>VRTEC TRNOVO, Ljubljana<\/td>\n<\/tr>\n<tr>\n<td>2.<\/td>\n<td>Da\u0161a D\u017dEKI\u0106 HOLO\u0160EVI\u010c<\/td>\n<td>VRTEC JAR\u0160E, Ljubljana<\/td>\n<\/tr>\n<tr>\n<td>3.<\/td>\n<td>Nata\u0161a MAKAROVI\u010c<\/td>\n<td>VEGOVA, Ljubljana<\/td>\n<\/tr>\n<\/tbody>\n<\/table>\n","protected":false},"excerpt":{"rendered":"<p>ZBOR OBMO\u010cNEGA ODBORA: (Sestavljajo ga vsi sindikalni zaupniki zavodov) PREDSEDNIK OO (od 1. julija 2022 dalje): Viktor KLAMPFER &#8211; GIMNAZIJA BE\u017dIGRAD, Ljubljana PODPREDSEDNIK OO (od 1. avgusta 2022 dalje): Sa\u0161o IVETI\u010c, O\u0160 LJUBO \u0160ERCER, Ko\u010devje SEKRETARKA OO (od 1. septembra 2018 dalje): Magdalena MUSTAR PE\u010cJAK PREDSEDSTVO OO: 1. Mladen BUCI\u0106 KONSERVATORIJ ZA GLASBO IN BALET &hellip; <\/p>\n<p><a class=\"more-link btn\" href=\"https:\/\/www.oo.ljubljana.sviz.si\/?page_id=30\">Continue reading<\/a><\/p>\n","protected":false},"author":3,"featured_media":0,"parent":0,"menu_order":1,"comment_status":"closed","ping_status":"closed","template":"","meta":{"footnotes":""},"class_list":["post-30","page","type-page","status-publish","hentry","nodate","item-wrap"],"aioseo_notices":[],"_links":{"self":[{"href":"https:\/\/www.oo.ljubljana.sviz.si\/index.php?rest_route=\/wp\/v2\/pages\/30","targetHints":{"allow":["GET"]}}],"collection":[{"href":"https:\/\/www.oo.ljubljana.sviz.si\/index.php?rest_route=\/wp\/v2\/pages"}],"about":[{"href":"https:\/\/www.oo.ljubljana.sviz.si\/index.php?rest_route=\/wp\/v2\/types\/page"}],"author":[{"embeddable":true,"href":"https:\/\/www.oo.ljubljana.sviz.si\/index.php?rest_route=\/wp\/v2\/users\/3"}],"replies":[{"embeddable":true,"href":"https:\/\/www.oo.ljubljana.sviz.si\/index.php?rest_route=%2Fwp%2Fv2%2Fcomments&post=30"}],"version-history":[{"count":38,"href":"https:\/\/www.oo.ljubljana.sviz.si\/index.php?rest_route=\/wp\/v2\/pages\/30\/revisions"}],"predecessor-version":[{"id":2267,"href":"https:\/\/www.oo.ljubljana.sviz.si\/index.php?rest_route=\/wp\/v2\/pages\/30\/revisions\/2267"}],"wp:attachment":[{"href":"https:\/\/www.oo.ljubljana.sviz.si\/index.php?rest_route=%2Fwp%2Fv2%2Fmedia&parent=30"}],"curies":[{"name":"wp","href":"https:\/\/api.w.org\/{rel}","templated":true}]}}