{"id":11,"date":"2012-12-26T22:17:44","date_gmt":"2012-12-26T21:17:44","guid":{"rendered":"http:\/\/beta.oo.ljubljana.sviz.si\/?page_id=11"},"modified":"2022-07-05T10:01:38","modified_gmt":"2022-07-05T09:01:38","slug":"pravna-pomoc","status":"publish","type":"page","link":"https:\/\/www.oo.ljubljana.sviz.si\/?page_id=11","title":{"rendered":"Pravna pomo\u010d"},"content":{"rendered":"<p style=\"text-align: justify;\">OO Ljubljane in okolice nudi v skladu s Pravilnikom o pravni pomo\u010di in Statutom SVIZ Slovenije svojim \u010dlanom pravno pomo\u010d pri uveljavljanju pravic iz delovnega razmerja.<\/p>\n<p style=\"text-align: justify;\">Pravna pomo\u010d se nudi praviloma preko zaposlenega strokovnega sodelavca za pravne zadeve (Janez Re\u0161ek, univ. dipl. pravnik), v dolo\u010denih primerih ali po potrebi pa tudi preko sekretarke OO (Magdalena Mustar Pe\u010djak) oz. predsednika OO (Viktor Klampfer).<\/p>\n<p style=\"text-align: justify;\">Nudenje pravne pomo\u010di obsega ustno in pisno svetovanje, sestavljanje ugovorov in zahtevkov za varstvo pravic, ter po potrebi neposrednega zastopanja pred organi delodajalca, sodi\u0161\u010di in drugimi organi.<\/p>\n<p style=\"text-align: justify;\">Priporo\u010dljivo je, da nas za odgovore na va\u0161a vpra\u0161anja <strong>najprej pokli\u010dete na telefonsko \u0161tevilko 01\/ 256-34-98<\/strong>, saj je v dopisih te\u017eko zajeti vse pomembne okoli\u0161\u010dine posameznega primera. Pisna vpra\u0161anja naslovite <strong>na elektronski naslov <a href=\"mailto:sviz.resek@siol.net\">sviz.resek@siol.net<\/a><\/strong>, v primeru po\u0161iljanja vpra\u0161anj po klasi\u010dni po\u0161ti pa na sede\u017e obmo\u010dnega odbora. V vseh primerih je potrebno navesti \u0161tevilko va\u0161e \u010dlanske izkaznice.<\/p>\n<p><b><span style=\"text-decoration: underline;\">Uradne ure<\/span>: od ponedeljka do petka med 8. in 14. uro.<\/b><\/p>\n<p><a href=\"http:\/\/www.sviz.si\/datot\/pravilnik-o-pravni-pomoci.pdf\" target=\"_blank\" rel=\"noopener noreferrer\"><b>Pravilnik o pravni pomo\u010di<\/b><\/a><\/p>\n","protected":false},"excerpt":{"rendered":"<p>OO Ljubljane in okolice nudi v skladu s Pravilnikom o pravni pomo\u010di in Statutom SVIZ Slovenije svojim \u010dlanom pravno pomo\u010d pri uveljavljanju pravic iz delovnega razmerja. Pravna pomo\u010d se nudi praviloma preko zaposlenega strokovnega sodelavca za pravne zadeve (Janez Re\u0161ek, univ. dipl. pravnik), v dolo\u010denih primerih ali po potrebi pa tudi preko sekretarke OO (Magdalena &hellip; <\/p>\n<p><a class=\"more-link btn\" href=\"https:\/\/www.oo.ljubljana.sviz.si\/?page_id=11\">Continue reading<\/a><\/p>\n","protected":false},"author":2,"featured_media":0,"parent":0,"menu_order":4,"comment_status":"closed","ping_status":"closed","template":"","meta":{"footnotes":""},"class_list":["post-11","page","type-page","status-publish","hentry","nodate","item-wrap"],"aioseo_notices":[],"_links":{"self":[{"href":"https:\/\/www.oo.ljubljana.sviz.si\/index.php?rest_route=\/wp\/v2\/pages\/11","targetHints":{"allow":["GET"]}}],"collection":[{"href":"https:\/\/www.oo.ljubljana.sviz.si\/index.php?rest_route=\/wp\/v2\/pages"}],"about":[{"href":"https:\/\/www.oo.ljubljana.sviz.si\/index.php?rest_route=\/wp\/v2\/types\/page"}],"author":[{"embeddable":true,"href":"https:\/\/www.oo.ljubljana.sviz.si\/index.php?rest_route=\/wp\/v2\/users\/2"}],"replies":[{"embeddable":true,"href":"https:\/\/www.oo.ljubljana.sviz.si\/index.php?rest_route=%2Fwp%2Fv2%2Fcomments&post=11"}],"version-history":[{"count":13,"href":"https:\/\/www.oo.ljubljana.sviz.si\/index.php?rest_route=\/wp\/v2\/pages\/11\/revisions"}],"predecessor-version":[{"id":2016,"href":"https:\/\/www.oo.ljubljana.sviz.si\/index.php?rest_route=\/wp\/v2\/pages\/11\/revisions\/2016"}],"wp:attachment":[{"href":"https:\/\/www.oo.ljubljana.sviz.si\/index.php?rest_route=%2Fwp%2Fv2%2Fmedia&parent=11"}],"curies":[{"name":"wp","href":"https:\/\/api.w.org\/{rel}","templated":true}]}}